{"id":5234,"date":"2024-06-06T13:09:20","date_gmt":"2024-06-06T16:09:20","guid":{"rendered":"https:\/\/blog.correios.com.br\/acordocoletivo\/?page_id=5234"},"modified":"2024-09-17T13:46:32","modified_gmt":"2024-09-17T16:46:32","slug":"acordos-coletivos","status":"publish","type":"page","link":"https:\/\/blog.correios.com.br\/acordocoletivo\/?page_id=5234","title":{"rendered":"Acordos coletivos"},"content":{"rendered":"\n<ul>\n<li><a href=\"https:\/\/blog.correios.com.br\/acordocoletivo\/wp-content\/uploads\/2024\/09\/ACT-2024-2025-FINDECT.pdf\">ACT 2024-2025_Findect<\/a><\/li>\n<\/ul>\n<ul>\n<li><a href=\"https:\/\/blog.correios.com.br\/acordocoletivo\/wp-content\/uploads\/2024\/09\/ACT-2024-2025-FENTECT.pdf\">ACT 2024-2025_Fentect<\/a><\/li>\n<\/ul>\n<ul>\n<li><a href=\"https:\/\/blog.correios.com.br\/acordocoletivo\/wp-content\/uploads\/2024\/02\/1__Termo_Aditivo_ACT_2023_2024.pdf\">ACT 2023-2024-1\u00baTA<\/a><\/li>\n<\/ul>\n<ul>\n<li><a href=\"https:\/\/blog.correios.com.br\/acordocoletivo\/wp-content\/uploads\/2023\/11\/ACT-2023-2024.pdf\">ACT 2023-2024<\/a><\/li>\n<\/ul>\n<ul>\n<li><a href=\"https:\/\/blog.correios.com.br\/acordocoletivo\/wp-content\/uploads\/2023\/11\/ACT-2022-2023.pdf\">ACT 2022-2023<\/a><\/li>\n<\/ul>\n<ul>\n<li><a href=\"https:\/\/blog.correios.com.br\/acordocoletivo\/wp-content\/uploads\/2023\/11\/Acordao_2021-2022.pdf\">Ac\u00f3rd\u00e3o 2021-2022<\/a><\/li>\n<\/ul>\n<ul>\n<li><a href=\"https:\/\/blog.correios.com.br\/acordocoletivo\/wp-content\/uploads\/2023\/11\/Acordao-2020-2021.pdf\">Ac\u00f3rd\u00e3o 2020-2021<\/a><\/li>\n<\/ul>\n<ul>\n<li><a href=\"https:\/\/blog.correios.com.br\/acordocoletivo\/wp-content\/uploads\/2023\/11\/Acordao-2019-2021.pdf\">Ac\u00f3rd\u00e3o 2019-2021<\/a><\/li>\n<\/ul>\n\n<ul>\n<li><a href=\"https:\/\/blog.correios.com.br\/acordocoletivo\/wp-content\/uploads\/2018\/08\/ACT-2018-2019-A5.pdf\">ACT 2018-2019<\/a><\/li>\n<\/ul>\n<ul>\n<li><a href=\"https:\/\/blog.correios.com.br\/acordocoletivo\/wp-content\/uploads\/2017\/11\/LIVRETO-ACT-2017-2018.pdf\">ACT 2017-2018<\/a><\/li>\n<\/ul>\n<ul>\n<li><a href=\"https:\/\/blog.correios.com.br\/acordocoletivo\/wp-content\/uploads\/2016\/09\/ACT-2016-2017-Assinado.pdf\">ACT 2016-2017<\/a><\/li>\n<\/ul>\n<ul>\n<li><a href=\"https:\/\/blog.correios.com.br\/acordocoletivo\/wp-content\/uploads\/2015\/10\/ACT-2015-2016-Assinado-no-TST-Gabriel-2.pdf\">ACT 2015-2016<\/a><\/li>\n<\/ul>\n<ul>\n<li><a href=\"https:\/\/blog.correios.com.br\/acordocoletivo\/wp-content\/uploads\/2016\/07\/Acordo-Coletivo-2014-2015_red.pdf\">ACT 2014-2015<\/a><\/li>\n<\/ul>\n<ul>\n<li><a href=\"https:\/\/blog.correios.com.br\/acordocoletivo\/wp-content\/uploads\/2016\/07\/Acordo-Coletivo-2013-2014-Sindicatos-Unificados.pdf\">ACT 2013-2014 Sind. Unificados<\/a><\/li>\n<\/ul>\n<ul>\n<li><a href=\"https:\/\/blog.correios.com.br\/acordocoletivo\/wp-content\/uploads\/2016\/07\/Acordo-Coletivo-2013-2014-FINDECT_red.pdf\">ACT 2013-2014 Findect<\/a><\/li>\n<\/ul>\n<ul>\n<li><a href=\"https:\/\/blog.correios.com.br\/acordocoletivo\/wp-content\/uploads\/2016\/07\/Acordo-Coletivo-2013-2014-Ac\u00f3rd\u00e3o-TST-DC-6942-72-2013-5-00-0000.pdf\">ACT 2013-2014 Ac\u00f3rd\u00e3o TST<\/a><\/li>\n<\/ul>\n<ul>\n<li><a href=\"https:\/\/blog.correios.com.br\/acordocoletivo\/wp-content\/uploads\/2016\/07\/Acordo-Coletivo-2012-2013-Ac\u00f3rd\u00e3o-TST-DC-8981-76-2012-5-00-0000.pdf\">ACT 2012-2013 Ac\u00f3rd\u00e3o TST<\/a><\/li>\n<\/ul>\n<ul>\n<li><a href=\"https:\/\/blog.correios.com.br\/acordocoletivo\/wp-content\/uploads\/2016\/07\/Acordo-Coletivo-2011-2012-Ac\u00f3rd\u00e3o-TST-DC-6335-37-2011-5-00-0000.pdf\">ACT 2011-2012 Ac\u00f3rd\u00e3o TST<\/a><\/li>\n<\/ul>\n<ul>\n<li><a href=\"https:\/\/blog.correios.com.br\/acordocoletivo\/wp-content\/uploads\/2016\/07\/Acordo-Coletivo-2009-2011_redp2.pdf\">ACT 2009-2011 Parte 2<\/a><\/li>\n<\/ul>\n<ul>\n<li><a href=\"https:\/\/blog.correios.com.br\/acordocoletivo\/wp-content\/uploads\/2016\/07\/Acordo-Coletivo-2009-2011_redp1.pdf\">ACT 2009-2011 Parte 1<\/a><\/li>\n<\/ul>\n<ul>\n<li><a href=\"https:\/\/blog.correios.com.br\/acordocoletivo\/wp-content\/uploads\/2016\/07\/Acordo-Coletivo-2008-2009-Complem-Ata-do-dia-14.10.2008.pdf\">ACT 2008-2009 Complemento 2<\/a><\/li>\n<\/ul>\n<ul>\n<li><a href=\"https:\/\/blog.correios.com.br\/acordocoletivo\/wp-content\/uploads\/2016\/07\/Acordo-Coletivo-2008-2009-Complem-Ata-do-dia-13.10.2008.pdf\">ACT 2008-2009 Complemento 1<\/a><\/li>\n<\/ul>\n<ul>\n<li><a href=\"https:\/\/blog.correios.com.br\/acordocoletivo\/wp-content\/uploads\/2016\/07\/Acordo-Coletivo-2008-2009-Minuta-do-ACT-2008-2009_red.pdf\">ACT 2008-2009 Minuta<\/a><\/li>\n<\/ul>\n<ul>\n<li><a href=\"https:\/\/blog.correios.com.br\/acordocoletivo\/wp-content\/uploads\/2016\/07\/Acordo-Coletivo-2007-2008_redp2.pdf\"\n>ACT 2007-2008 Parte 2<\/a><\/li>\n<\/ul>\n<ul>\n<li><a href=\"https:\/\/blog.correios.com.br\/acordocoletivo\/wp-content\/uploads\/2016\/07\/Acordo-Coletivo-2007-2008_redp1.pdf\"\n>ACT 2007-2008 Parte 1<\/a><\/li>\n<\/ul>\n<ul>\n<li><a href=\"https:\/\/blog.correios.com.br\/acordocoletivo\/wp-content\/uploads\/2016\/07\/Acordo-Coletivo-2005-2006_red.pdf\">ACT 2005-2006<\/a><\/li>\n<\/ul>\n<ul>\n<li><a href=\"https:\/\/blog.correios.com.br\/acordocoletivo\/wp-content\/uploads\/2016\/07\/Acordo-Coletivo-2004-2005_p3.pdf\">ACT 2004-2005 Parte 3<\/a><\/li>\n<\/ul>\n<ul>\n<li><a href=\"https:\/\/blog.correios.com.br\/acordocoletivo\/wp-content\/uploads\/2016\/07\/Acordo-Coletivo-2004-2005_p2.pdf\">ACT 2004-2005 Parte 2<\/a><\/li>\n<\/ul>\n<ul>\n<li><a href=\"https:\/\/blog.correios.com.br\/acordocoletivo\/wp-content\/uploads\/2016\/07\/Acordo-Coletivo-2004-2005_P1.pdf\">ACT 2004-2005 Parte 1<\/a><\/li>\n<\/ul>\n<ul>\n<li><a href=\"https:\/\/blog.correios.com.br\/acordocoletivo\/wp-content\/uploads\/2016\/07\/Acordo-Coletivo-2003-2004_redp3.pdf\">ACT 2003-2004 Parte 3<\/a><\/li>\n<\/ul>\n<ul>\n<li><a href=\"https:\/\/blog.correios.com.br\/acordocoletivo\/wp-content\/uploads\/2016\/07\/Acordo-Coletivo-2003-2004_redp2.pdf\">ACT 2003-2004 Parte 2<\/a><\/li>\n<\/ul>\n<ul>\n<li><a href=\"https:\/\/blog.correios.com.br\/acordocoletivo\/wp-content\/uploads\/2016\/07\/Acordo-Coletivo-2003-2004_redP1.pdf\">ACT 2003-2004 Parte 1<\/a><\/li>\n<\/ul>\n<ul>\n<li><a href=\"https:\/\/blog.correios.com.br\/acordocoletivo\/wp-content\/uploads\/2016\/06\/Acordo-Coletivo-2002-2003.pdf\">ACT 2002-2003<\/a><\/li>\n<\/ul>\n<ul>\n<li><a href=\"https:\/\/blog.correios.com.br\/acordocoletivo\/wp-content\/uploads\/2016\/07\/Acordo-Coletivo-2001-2002_redp2.pdf\">ACT 2001-2002 Parte 2<\/a><\/li>\n<\/ul>\n<ul>\n<li><a href=\"https:\/\/blog.correios.com.br\/acordocoletivo\/wp-content\/uploads\/2016\/07\/Acordo-Coletivo-2001-2002_redP1.pdf\">ACT 2001-2002 Parte 1<\/a><\/li>\n<\/ul>\n<ul>\n<li><a href=\"https:\/\/blog.correios.com.br\/acordocoletivo\/wp-content\/uploads\/2016\/06\/Acordo-Coletivo-2000-2001.pdf\">ACT 2000-2001<\/a><\/li>\n<\/ul>\n<ul>\n<li><a href=\"https:\/\/blog.correios.com.br\/acordocoletivo\/wp-content\/uploads\/2016\/06\/Acordo-Coletivo-1999-2000.pdf\">ACT 1999-2000<\/a><\/li>\n<\/ul>\n<ul>\n<li><a href=\"https:\/\/blog.correios.com.br\/acordocoletivo\/wp-content\/uploads\/2016\/06\/Acordo-Coletivo-1998-1999.pdf\">ACT 1998-1999<\/a><\/li>\n<\/ul>\n<ul>\n<li><a href=\"https:\/\/blog.correios.com.br\/acordocoletivo\/wp-content\/uploads\/2016\/06\/Acordo-Coletivo-1997-1998.pdf\">ACT 1997-1998<\/a><\/li>\n<\/ul>\n<ul>\n<li><a href=\"https:\/\/blog.correios.com.br\/acordocoletivo\/wp-content\/uploads\/2016\/06\/Acordo-Coletivo-1995-1996-Aditamento.pdf\">ACT 1995-1996 Aditamento<\/a><\/li>\n<\/ul>\n<ul>\n<li><a href=\"https:\/\/blog.correios.com.br\/acordocoletivo\/wp-content\/uploads\/2016\/06\/Acordo-Coletivo-1995-1996.pdf\">ACT 1995-1996<\/a><\/li>\n<\/ul>\n<ul>\n<li><a href=\"https:\/\/blog.correios.com.br\/acordocoletivo\/wp-content\/uploads\/2016\/06\/Acordo-coletivo-1994-1995.pdf\">ACT 1994-1995<\/a><\/li>\n<\/ul>\n<ul>\n<li><a href=\"https:\/\/blog.correios.com.br\/acordocoletivo\/wp-content\/uploads\/2016\/07\/Acordo-Coletivo-1993_red.pdf\">ACT 1993<\/a><\/li>\n<\/ul>\n<ul>\n<li><a href=\"https:\/\/blog.correios.com.br\/acordocoletivo\/wp-content\/uploads\/2016\/07\/Acordo-Coletivo-1992_red.pdf\">ACT 1992<\/a><\/li>\n<\/ul>\n<ul>\n<li><a href=\"https:\/\/blog.correios.com.br\/acordocoletivo\/wp-content\/uploads\/2016\/06\/Acordo-Coletivo-1991-parcial.pdf\">ACT 1991 Parcial<\/a><\/li>\n<\/ul>\n<ul>\n<li><a href=\"https:\/\/blog.correios.com.br\/acordocoletivo\/wp-content\/uploads\/2016\/06\/Acordo-Coletivo-1990-Suplementar.pdf\">ACT 1990 Suplemento<\/a><\/li>\n<\/ul>\n<ul>\n<li><a href=\"https:\/\/blog.correios.com.br\/acordocoletivo\/wp-content\/uploads\/2016\/06\/Acordo-Coletivo-1990_red.pdf\">ACT 1990<\/a><\/li>\n<\/ul>\n<ul>\n<li><a href=\"https:\/\/blog.correios.com.br\/acordocoletivo\/wp-content\/uploads\/2016\/06\/Acordo-Coletivo-1989.pdf\">ACT 1989<\/a><\/li>\n<\/ul>\n<ul>\n<li><a href=\"https:\/\/blog.correios.com.br\/acordocoletivo\/wp-content\/uploads\/2016\/06\/Acordo-Coletivo-1988_red.pdf\">ACT 1988<\/a><\/li>\n<\/ul>\n","protected":false},"excerpt":{"rendered":"<p>ACT 2024-2025_Findect ACT 2024-2025_Fentect ACT 2023-2024-1\u00baTA ACT 2023-2024 ACT 2022-2023 Ac\u00f3rd\u00e3o 2021-2022 Ac\u00f3rd\u00e3o 2020-2021 Ac\u00f3rd\u00e3o 2019-2021 ACT 2018-2019 ACT 2017-2018 ACT 2016-2017 ACT 2015-2016 ACT 2014-2015 ACT 2013-2014 Sind. Unificados ACT 2013-2014 Findect ACT 2013-2014 Ac\u00f3rd\u00e3o TST ACT 2012-2013 Ac\u00f3rd\u00e3o &hellip; <a href=\"https:\/\/blog.correios.com.br\/acordocoletivo\/?page_id=5234\">Continue lendo <span class=\"meta-nav\">&rarr;<\/span><\/a><\/p>\n","protected":false},"author":46,"featured_media":0,"parent":0,"menu_order":0,"comment_status":"closed","ping_status":"closed","template":"","meta":{"footnotes":""},"class_list":["post-5234","page","type-page","status-publish","hentry"],"_links":{"self":[{"href":"https:\/\/blog.correios.com.br\/acordocoletivo\/index.php?rest_route=\/wp\/v2\/pages\/5234","targetHints":{"allow":["GET"]}}],"collection":[{"href":"https:\/\/blog.correios.com.br\/acordocoletivo\/index.php?rest_route=\/wp\/v2\/pages"}],"about":[{"href":"https:\/\/blog.correios.com.br\/acordocoletivo\/index.php?rest_route=\/wp\/v2\/types\/page"}],"author":[{"embeddable":true,"href":"https:\/\/blog.correios.com.br\/acordocoletivo\/index.php?rest_route=\/wp\/v2\/users\/46"}],"replies":[{"embeddable":true,"href":"https:\/\/blog.correios.com.br\/acordocoletivo\/index.php?rest_route=%2Fwp%2Fv2%2Fcomments&post=5234"}],"version-history":[{"count":5,"href":"https:\/\/blog.correios.com.br\/acordocoletivo\/index.php?rest_route=\/wp\/v2\/pages\/5234\/revisions"}],"predecessor-version":[{"id":5399,"href":"https:\/\/blog.correios.com.br\/acordocoletivo\/index.php?rest_route=\/wp\/v2\/pages\/5234\/revisions\/5399"}],"wp:attachment":[{"href":"https:\/\/blog.correios.com.br\/acordocoletivo\/index.php?rest_route=%2Fwp%2Fv2%2Fmedia&parent=5234"}],"curies":[{"name":"wp","href":"https:\/\/api.w.org\/{rel}","templated":true}]}}