{"id":5240,"date":"2024-06-06T14:25:29","date_gmt":"2024-06-06T17:25:29","guid":{"rendered":"https:\/\/blog.correios.com.br\/acordocoletivo\/?page_id=5240"},"modified":"2024-06-06T14:36:57","modified_gmt":"2024-06-06T17:36:57","slug":"arquivos","status":"publish","type":"page","link":"https:\/\/blog.correios.com.br\/acordocoletivo\/?page_id=5240","title":{"rendered":"Arquivos"},"content":{"rendered":"\n<p><a href=\"https:\/\/blog.correios.com.br\/acordocoletivo\/?page_id=5234\">Atas de Acordos Coletivos<\/a><\/p>\n\n\n\n<p><a href=\"https:\/\/blog.correios.com.br\/acordocoletivo\/?page_id=5243\">Atas da Comiss\u00e3o Parit\u00e1ria CorreiosSa\u00fade<\/a><\/p>\n\n\n\n<p><a href=\"https:\/\/blog.correios.com.br\/acordocoletivo\/?page_id=5248\">Arquivos diversos<\/a><\/p>\n","protected":false},"excerpt":{"rendered":"<p>Atas de Acordos Coletivos Atas da Comiss\u00e3o Parit\u00e1ria CorreiosSa\u00fade Arquivos diversos<\/p>\n","protected":false},"author":46,"featured_media":0,"parent":0,"menu_order":0,"comment_status":"closed","ping_status":"closed","template":"","meta":{"footnotes":""},"class_list":["post-5240","page","type-page","status-publish","hentry"],"_links":{"self":[{"href":"https:\/\/blog.correios.com.br\/acordocoletivo\/index.php?rest_route=\/wp\/v2\/pages\/5240","targetHints":{"allow":["GET"]}}],"collection":[{"href":"https:\/\/blog.correios.com.br\/acordocoletivo\/index.php?rest_route=\/wp\/v2\/pages"}],"about":[{"href":"https:\/\/blog.correios.com.br\/acordocoletivo\/index.php?rest_route=\/wp\/v2\/types\/page"}],"author":[{"embeddable":true,"href":"https:\/\/blog.correios.com.br\/acordocoletivo\/index.php?rest_route=\/wp\/v2\/users\/46"}],"replies":[{"embeddable":true,"href":"https:\/\/blog.correios.com.br\/acordocoletivo\/index.php?rest_route=%2Fwp%2Fv2%2Fcomments&post=5240"}],"version-history":[{"count":4,"href":"https:\/\/blog.correios.com.br\/acordocoletivo\/index.php?rest_route=\/wp\/v2\/pages\/5240\/revisions"}],"predecessor-version":[{"id":5253,"href":"https:\/\/blog.correios.com.br\/acordocoletivo\/index.php?rest_route=\/wp\/v2\/pages\/5240\/revisions\/5253"}],"wp:attachment":[{"href":"https:\/\/blog.correios.com.br\/acordocoletivo\/index.php?rest_route=%2Fwp%2Fv2%2Fmedia&parent=5240"}],"curies":[{"name":"wp","href":"https:\/\/api.w.org\/{rel}","templated":true}]}}