{"id":5243,"date":"2024-06-06T14:29:36","date_gmt":"2024-06-06T17:29:36","guid":{"rendered":"https:\/\/blog.correios.com.br\/acordocoletivo\/?page_id=5243"},"modified":"2024-06-06T14:29:36","modified_gmt":"2024-06-06T17:29:36","slug":"comissao-paritaria-correiossaude","status":"publish","type":"page","link":"https:\/\/blog.correios.com.br\/acordocoletivo\/?page_id=5243","title":{"rendered":"Comiss\u00e3o Parit\u00e1ria CorreiosSa\u00fade"},"content":{"rendered":"\n<ul>\n<li><a href=\"https:\/\/blog.correios.com.br\/acordocoletivo\/wp-content\/uploads\/2017\/10\/Tabelas-Postal-Sa\u00fade.pdf\">Tabelas Postal Sa\u00fade<\/a><\/li>\n<\/ul>\n<ul>\n<li><a href=\"https:\/\/blog.correios.com.br\/acordocoletivo\/wp-content\/uploads\/2017\/10\/Proposta-Plano-de-Sa\u00fade.pdf\">Proposta Plano de Sa\u00fade<\/a><\/li>\n<\/ul>\n<ul>\n<li><a href=\"https:\/\/blog.correios.com.br\/acordocoletivo\/wp-content\/uploads\/2017\/05\/Proposta_TST_Apresentada_em_29Mai17.pdf\">Proposta TST 29\/05\/2017<\/a><\/li>\n<\/ul>\n<ul>\n<li><a href=\"https:\/\/blog.correios.com.br\/acordocoletivo\/wp-content\/uploads\/2017\/04\/21-Ata-Reuni\u00e3o-04-04-2017.pdf\">Ata reuni\u00e3o 4\/04\/2017<\/a><\/li>\n<\/ul>\n<ul>\n<li><a href=\"https:\/\/blog.correios.com.br\/acordocoletivo\/wp-content\/uploads\/2017\/02\/20-Ata-Reuni\u00e3o-30-01-2017.pdf\">Ata reuni\u00e3o 30\/01\/2017 &#8211; II<\/a><\/li>\n<\/ul>\n<ul>\n<li><a href=\"https:\/\/blog.correios.com.br\/acordocoletivo\/wp-content\/uploads\/2017\/02\/19-Ata-Reuni\u00e3o-Custeio.pdf\">Ata reuni\u00e3o &#8211; custeio<\/a><\/li>\n<\/ul>\n<ul>\n<li><a href=\"https:\/\/blog.correios.com.br\/acordocoletivo\/wp-content\/uploads\/2017\/02\/18-Ata-Reuni\u00e3o-30-01-2017.pdf\">Ata reuni\u00e3o 30\/01\/2017<\/a><\/li>\n<\/ul>\n<ul>\n<li><a href=\"https:\/\/blog.correios.com.br\/acordocoletivo\/wp-content\/uploads\/2017\/02\/Propostas-de-Melhorias.pdf\">Propostas de Melhoria<\/a><\/li>\n<\/ul>\n<ul>\n<li><a href=\"https:\/\/blog.correios.com.br\/acordocoletivo\/wp-content\/uploads\/2017\/01\/17-Ata-Reuni\u00e3o-25-01-2017.pdf\">Ata reuni\u00e3o 25\/01\/2017<\/a><\/li>\n<\/ul>\n<ul>\n<li><a href=\"https:\/\/blog.correios.com.br\/acordocoletivo\/wp-content\/uploads\/2017\/01\/16-Ata-Reuni\u00e3o-23-01-2017.pdf\">Ata reuni\u00e3o 23\/01\/2017<\/a><\/li>\n<\/ul>\n<ul>\n<li><a href=\"https:\/\/blog.correios.com.br\/acordocoletivo\/wp-content\/uploads\/2017\/01\/9-Sistem\u00e1tica-Auditoria-Comiss\u00e3o-Parit\u00e1ria_14-12-16.pdf\">Apresenta\u00e7\u00e3o 14\/12\/2016<\/a><\/li>\n<\/ul>\n<ul>\n<li><a href=\"https:\/\/blog.correios.com.br\/acordocoletivo\/wp-content\/uploads\/2017\/01\/12-Reestrutura\u00e7\u00e3o-de-ambulat\u00f3rio.pdf\">Apresenta\u00e7\u00e3o 12\/12\/2016<\/a><\/li>\n<\/ul>\n<ul>\n<li><a href=\"https:\/\/blog.correios.com.br\/acordocoletivo\/wp-content\/uploads\/2017\/01\/10-Criterios-de-elegibilidade-29-11-2016.pdf\">Apresenta\u00e7\u00e3o 2\/12\/2016 &#8211; II<\/a><\/li>\n<\/ul>\n<ul>\n<li><a href=\"https:\/\/blog.correios.com.br\/acordocoletivo\/wp-content\/uploads\/2017\/01\/11-Benef\u00edcio-p\u00f3s-emprego-reduzido.pdf \">Apresenta\u00e7\u00e3o 2\/12\/2016<\/a><\/li>\n<\/ul>\n<ul>\n<li><a href=\"https:\/\/blog.correios.com.br\/acordocoletivo\/wp-content\/uploads\/2017\/01\/15-Ata-Reuni\u00e3o-10-01-2017-e-12-01-2017.pdf\">Ata reuni\u00f5es 10 e 12\/01\/2017<\/a><\/li>\n<\/ul>\n<ul>\n<li><a href=\"https:\/\/blog.correios.com.br\/acordocoletivo\/wp-content\/uploads\/2017\/01\/14-Ata-Reuni\u00e3o-10-01-2017.pdf\">Ata reuni\u00e3o 10\/01\/2017<\/a><\/li>\n<\/ul>\n<ul>\n<li><a href=\"https:\/\/blog.correios.com.br\/acordocoletivo\/wp-content\/uploads\/2017\/01\/13-Ata-Reuni\u00e3o-05-01-2017.pdf\">Ata reuni\u00e3o 5\/01\/2017<\/a><\/li>\n<\/ul>\n<ul>\n<li><a href=\"https:\/\/blog.correios.com.br\/acordocoletivo\/wp-content\/uploads\/2017\/01\/12-Ata-Reuni\u00e3o-03-01-2017.pdf\">Ata reuni\u00e3o 3\/01\/2017<\/a><\/li>\n<\/ul>\n<ul>\n<li><a href=\"https:\/\/blog.correios.com.br\/acordocoletivo\/wp-content\/uploads\/2017\/01\/11-Ata-Reuni\u00e3o-15-12-2016.pdf\">Ata reuni\u00e3o 15\/12\/2016<\/a><\/li>\n<\/ul>\n<ul>\n<li><a href=\"https:\/\/blog.correios.com.br\/acordocoletivo\/wp-content\/uploads\/2017\/01\/8-Proposta-de-Custeio-CorreiosSa\u00fade.pdf\">Proposta ECT<\/a><\/li>\n<\/ul>\n<ul>\n<li><a href=\"https:\/\/blog.correios.com.br\/acordocoletivo\/wp-content\/uploads\/2017\/01\/Tabela-1.pdf\">Tabela 1<\/a><\/li>\n<\/ul>\n<ul>\n<li><a href=\"https:\/\/blog.correios.com.br\/acordocoletivo\/wp-content\/uploads\/2017\/01\/Tabela-2.pdf\">Tabela 2<\/a><\/li>\n<\/ul>\n<ul>\n<li><a href=\"https:\/\/blog.correios.com.br\/acordocoletivo\/wp-content\/uploads\/2017\/01\/Tabela-3.pdf\">Tabela 3<\/a><\/li>\n<\/ul>\n<ul>\n<li><a href=\"https:\/\/blog.correios.com.br\/acordocoletivo\/wp-content\/uploads\/2016\/12\/10-Ata-de-Reuni\u00e3o-13-12-2016.pdf\">Ata reuni\u00e3o 13\/12\/2016<\/a><\/li>\n<\/ul>\n<ul>\n<li><a href=\"https:\/\/blog.correios.com.br\/acordocoletivo\/wp-content\/uploads\/2016\/12\/09-Ata-de-Reuni\u00e3o-12-12-2016.pdf\">Ata reuni\u00e3o 12\/12\/2016<\/a><\/li>\n<\/ul>\n<ul>\n<li><a href=\"https:\/\/blog.correios.com.br\/acordocoletivo\/wp-content\/uploads\/2016\/12\/08-Ata-de-Reuni\u00e3o-02-12-2016-e-12-12-2016.pdf\">Ata reuni\u00f5es 2\/12\/2016 e 12\/12\/2016<\/a><\/li>\n<\/ul>\n<ul>\n<li><a href=\"https:\/\/blog.correios.com.br\/acordocoletivo\/wp-content\/uploads\/2016\/12\/06-Ata-de-Reuni\u00e3o-17-11-2016.pdf\">Ata reuni\u00e3o 17\/11\/2016<\/a><\/li>\n<\/ul>\n<ul>\n<li><a href=\"https:\/\/blog.correios.com.br\/acordocoletivo\/wp-content\/uploads\/2016\/12\/7-Governan\u00e7a-Postal-Sa\u00fade.pdf\">Apresenta\u00e7\u00e3o 1\u00ba\/12\/2016<\/a><\/li>\n<\/ul>\n<ul>\n<li><a href=\"https:\/\/blog.correios.com.br\/acordocoletivo\/wp-content\/uploads\/2016\/12\/6-Custeio-de-Plano-de-Sa\u00fade-28-11-16-Continua\u00e7\u00e3o.pdf\">Apresenta\u00e7\u00e3o 28\/11\/2016<\/a><\/li>\n<\/ul>\n<ul>\n<li><a href=\"https:\/\/blog.correios.com.br\/acordocoletivo\/wp-content\/uploads\/2016\/12\/07-Ata-Reuni\u00e3o-29-11-2016-e-02-12-2016.pdf\">Ata reuni\u00e3o 29\/11 e 2\/12\/2016<\/a><\/li>\n<\/ul>\n<ul>\n<li><a href=\"https:\/\/blog.correios.com.br\/acordocoletivo\/wp-content\/uploads\/2016\/11\/05-Ata-Reuni\u00e3o-14-11-2016-a-18-11-2016.pdf\">Ata reuni\u00e3o 14 a 18\/11\/2016<\/a><\/li>\n<\/ul>\n<ul>\n<li><a href=\"https:\/\/blog.correios.com.br\/acordocoletivo\/wp-content\/uploads\/2016\/11\/04-Ata-Reuni\u00e3o-03-e-04-11-2016.pdf\">Ata reuni\u00e3o 3 e 4\/11\/2016<\/a><\/li>\n<\/ul>\n<ul>\n<li><a href=\"https:\/\/blog.correios.com.br\/acordocoletivo\/wp-content\/uploads\/2016\/11\/03-Ata-Reuni\u00e3o-01-11-2016.pdf\">Ata reuni\u00e3o 1\u00ba\/11\/2016<\/a><\/li>\n<\/ul>\n<ul>\n<li><a href=\"https:\/\/blog.correios.com.br\/acordocoletivo\/wp-content\/uploads\/2016\/11\/02-Ata-Reuni\u00e3o-31-10-2016.pdf\">Ata reuni\u00e3o 31\/10\/2016<\/a><\/li>\n<\/ul>\n<ul>\n<li><a href=\"https:\/\/blog.correios.com.br\/acordocoletivo\/wp-content\/uploads\/2016\/11\/01-Ata-Reuni\u00e3o-20-e-21-10-2016.pdf\">Ata reuni\u00e3o 20 e 21\/10\/2016<\/a><\/li>\n<\/ul>\n<ul>\n<li><a href=\"https:\/\/blog.correios.com.br\/acordocoletivo\/wp-content\/uploads\/2016\/11\/5-Custeio-do-Plano-de-Sa\u00fade-16-11-16.pdf\">Apresenta\u00e7\u00e3o 16\/11\/2016<\/a><\/li>\n<\/ul>\n<ul>\n<li><a href=\"https:\/\/blog.correios.com.br\/acordocoletivo\/wp-content\/uploads\/2016\/11\/4-Redimensionamento-da-Rede-Credenciada-14-11-16.pdf\">Apresenta\u00e7\u00e3o 14\/11\/2016<\/a><\/li>\n<\/ul>\n<ul>\n<li><a href=\"https:\/\/blog.correios.com.br\/acordocoletivo\/wp-content\/uploads\/2016\/11\/3-Diagn\u00f3tico-Postal-Sa\u00fade-Resumida-03-11-16.pdf\">Apresenta\u00e7\u00e3o 3\/11\/2016<\/a><\/li>\n<\/ul>\n<ul>\n<li><a href=\"https:\/\/blog.correios.com.br\/acordocoletivo\/wp-content\/uploads\/2016\/11\/2-Modelo-de-Gest\u00e3o-de-Plano-de-S\u00e1ude-01-11-16.pdf\">Apresenta\u00e7\u00e3o 1\u00ba\/11\/2016<\/a><\/li>\n<\/ul>\n<ul>\n<li><a href=\"https:\/\/blog.correios.com.br\/acordocoletivo\/wp-content\/uploads\/2016\/11\/1-Alinhamento-Conceitual-Sa\u00fade-Suplementar-31-10-16.pdf\">Apresenta\u00e7\u00e3o 31\/10\/2016<\/a><\/li>\n<\/ul>\n<ul>\n<li><a href=\"https:\/\/blog.correios.com.br\/acordocoletivo\/wp-content\/uploads\/2016\/11\/2_custeio.pdf\">Infogr\u00e1fico 2<\/a><\/li>\n<\/ul>\n<ul>\n<li><a href=\"https:\/\/blog.correios.com.br\/acordocoletivo\/wp-content\/uploads\/2016\/11\/1_comissao_paritaria.pdf\">Infogr\u00e1fico 1<\/a><\/li>\n<\/ul>\n","protected":false},"excerpt":{"rendered":"<p>Tabelas Postal Sa\u00fade Proposta Plano de Sa\u00fade Proposta TST 29\/05\/2017 Ata reuni\u00e3o 4\/04\/2017 Ata reuni\u00e3o 30\/01\/2017 &#8211; II Ata reuni\u00e3o &#8211; custeio Ata reuni\u00e3o 30\/01\/2017 Propostas de Melhoria Ata reuni\u00e3o 25\/01\/2017 Ata reuni\u00e3o 23\/01\/2017 Apresenta\u00e7\u00e3o 14\/12\/2016 Apresenta\u00e7\u00e3o 12\/12\/2016 Apresenta\u00e7\u00e3o 2\/12\/2016 &hellip; <a href=\"https:\/\/blog.correios.com.br\/acordocoletivo\/?page_id=5243\">Continue lendo <span class=\"meta-nav\">&rarr;<\/span><\/a><\/p>\n","protected":false},"author":46,"featured_media":0,"parent":0,"menu_order":0,"comment_status":"closed","ping_status":"closed","template":"","meta":{"footnotes":""},"class_list":["post-5243","page","type-page","status-publish","hentry"],"_links":{"self":[{"href":"https:\/\/blog.correios.com.br\/acordocoletivo\/index.php?rest_route=\/wp\/v2\/pages\/5243","targetHints":{"allow":["GET"]}}],"collection":[{"href":"https:\/\/blog.correios.com.br\/acordocoletivo\/index.php?rest_route=\/wp\/v2\/pages"}],"about":[{"href":"https:\/\/blog.correios.com.br\/acordocoletivo\/index.php?rest_route=\/wp\/v2\/types\/page"}],"author":[{"embeddable":true,"href":"https:\/\/blog.correios.com.br\/acordocoletivo\/index.php?rest_route=\/wp\/v2\/users\/46"}],"replies":[{"embeddable":true,"href":"https:\/\/blog.correios.com.br\/acordocoletivo\/index.php?rest_route=%2Fwp%2Fv2%2Fcomments&post=5243"}],"version-history":[{"count":1,"href":"https:\/\/blog.correios.com.br\/acordocoletivo\/index.php?rest_route=\/wp\/v2\/pages\/5243\/revisions"}],"predecessor-version":[{"id":5244,"href":"https:\/\/blog.correios.com.br\/acordocoletivo\/index.php?rest_route=\/wp\/v2\/pages\/5243\/revisions\/5244"}],"wp:attachment":[{"href":"https:\/\/blog.correios.com.br\/acordocoletivo\/index.php?rest_route=%2Fwp%2Fv2%2Fmedia&parent=5243"}],"curies":[{"name":"wp","href":"https:\/\/api.w.org\/{rel}","templated":true}]}}