{"id":5248,"date":"2024-06-06T14:34:36","date_gmt":"2024-06-06T17:34:36","guid":{"rendered":"https:\/\/blog.correios.com.br\/acordocoletivo\/?page_id=5248"},"modified":"2024-06-06T14:36:38","modified_gmt":"2024-06-06T17:36:38","slug":"diversos","status":"publish","type":"page","link":"https:\/\/blog.correios.com.br\/acordocoletivo\/?page_id=5248","title":{"rendered":"Arquivos diversos"},"content":{"rendered":"\n<ul>\n<li><a href=\"https:\/\/blog.correios.com.br\/acordocoletivo\/wp-content\/uploads\/2018\/06\/Calend\u00e1rio-de-Negocia\u00e7\u00f5es-\u2013-ACT-2018-2019.pdf\">Calend\u00e1rio de Negocia\u00e7\u00f5es<\/a><\/li>\n<\/ul>\n<ul>\n<li><a href=\"https:\/\/blog.correios.com.br\/acordocoletivo\/wp-content\/uploads\/2018\/03\/Percentuais-plano-de-sa\u00fade.png\">Percentuais Postal Sa\u00fade<\/a><\/li>\n<\/ul>\n<ul>\n<li><a href=\"https:\/\/blog.correios.com.br\/acordocoletivo\/wp-content\/uploads\/2018\/03\/Faixas-de-cobran\u00e7a.png\">Faixas de cobran\u00e7a<\/a><\/li>\n<\/ul>\n<ul>\n<li><a href=\"https:\/\/blog.correios.com.br\/acordocoletivo\/wp-content\/uploads\/2017\/09\/7\u00aa-Ata-de-Reuni\u00e3o-ACT-2017-2018.pdf\">Ata Reuni\u00e3o 22\/09\/2017<\/a><\/li>\n<\/ul>\n<ul>\n<li><a href=\"https:\/\/blog.correios.com.br\/acordocoletivo\/wp-content\/uploads\/2017\/09\/6\u00aa-Ata-de-Reuni\u00e3o-ACT-2017-2018.pdf\">Ata Reuni\u00e3o 21\/09\/2017<\/a><\/li>\n<\/ul>\n<ul>\n<li><a href=\"https:\/\/blog.correios.com.br\/acordocoletivo\/wp-content\/uploads\/2017\/09\/5\u00aa-Ata-de-Reuni\u00e3o-ACT-2017-2018.pdf\">Ata Reuni\u00e3o 20\/09\/2017<\/a><\/li>\n<\/ul>\n<ul>\n<li><a href=\"https:\/\/blog.correios.com.br\/acordocoletivo\/wp-content\/uploads\/2017\/09\/4\u00aa-Ata-de-Reuni\u00e3o-ACT-2017-2018.pdf\">Ata Reuni\u00e3o 19\/09\/2017<\/a><\/li>\n<\/ul>\n<ul>\n<li><a href=\"https:\/\/blog.correios.com.br\/acordocoletivo\/wp-content\/uploads\/2017\/09\/ACT-2017-2018-3\u00aa-Ata.pdf\">Ata Reuni\u00e3o 14\/09\/2017<\/a><\/li>\n<\/ul>\n<ul>\n<li><a href=\"https:\/\/blog.correios.com.br\/acordocoletivo\/wp-content\/uploads\/2017\/09\/ACT-2017-2018-2\u00aa-Ata.pdf\">Ata Reuni\u00e3o 13\/09\/2017<\/a><\/li>\n<\/ul>\n<ul>\n<li><a href=\"https:\/\/blog.correios.com.br\/acordocoletivo\/wp-content\/uploads\/2017\/09\/1\u00aa-Ata-de-Reuni\u00e3o-ACT-2017-2018.pdf\">Ata Reuni\u00e3o 12\/09\/2017<\/a><\/li>\n<\/ul>\n<ul>\n<li><a href=\"https:\/\/blog.correios.com.br\/acordocoletivo\/wp-content\/uploads\/2017\/08\/PROCESSO-PMPP-5701-24.2017.5.00.0000.pdf\">Ata Reuni\u00e3o TST 22\/08\/2017<\/a><\/li>\n<\/ul>\n<ul>\n<li><a href=\"https:\/\/blog.correios.com.br\/acordocoletivo\/wp-content\/uploads\/2017\/08\/10-Proposta-da-FINDECT_Parte1.pdf\">Pauta FINDECT &#8211; 1 &#8211; 2017\/2018<\/a><\/li>\n<\/ul>\n<ul>\n<li><a href=\"https:\/\/blog.correios.com.br\/acordocoletivo\/wp-content\/uploads\/2017\/08\/10-Proposta-da-FINDECT_Parte2.pdf\">Pauta FINDECT &#8211; 2 &#8211; 2017\/2018<\/a><\/li>\n<\/ul>\n<ul>\n<li><a href=\"https:\/\/blog.correios.com.br\/acordocoletivo\/wp-content\/uploads\/2017\/08\/10-Proposta-da-FINDECT_Parte3.pdf\">Pauta FINDECT &#8211; 3 &#8211; 2017\/2018<\/a><\/li>\n<\/ul>\n<ul>\n<li><a href=\"https:\/\/blog.correios.com.br\/acordocoletivo\/wp-content\/uploads\/2017\/08\/10-Proposta-da-FINDECT_Parte4.pdf\">Pauta FINDECT &#8211; 4 &#8211; 2017\/2018<\/a><\/li>\n<\/ul>\n<ul>\n<li><a href=\"https:\/\/blog.correios.com.br\/acordocoletivo\/wp-content\/uploads\/2017\/08\/10-Proposta-da-FINDECT_Parte5.pdf\">Pauta FINDECT &#8211; 5 &#8211; 2017\/2018<\/a><\/li>\n<\/ul>\n<ul>\n<li><a href=\"https:\/\/blog.correios.com.br\/acordocoletivo\/wp-content\/uploads\/2017\/08\/10-Proposta-da-FINDECT_Parte6.pdf\">Pauta FINDECT &#8211; 6 &#8211; 2017\/2018<\/a><\/li>\n<\/ul>\n<ul>\n<li><a href=\"https:\/\/blog.correios.com.br\/acordocoletivo\/wp-content\/uploads\/2017\/07\/PAUTA_NACIONAL_DE_REIVINDICA\u00c7\u00d5ES_2017_FENTECT.pdf\">Pauta FENTECT &#8211; 2017\/2018<\/a><\/li>\n<\/ul>\n<ul>\n<li><a href=\"https:\/\/blog.correios.com.br\/acordocoletivo\/wp-content\/uploads\/2017\/05\/ATA-4.05.2017.pdf\">Ata 4\/05\/2017<\/a><\/li>\n<\/ul>\n<ul>\n<li><a href=\"https:\/\/blog.correios.com.br\/acordocoletivo\/wp-content\/uploads\/2017\/05\/0000-2017-Proposta-para-encerramento-de-Greve-01.05.2017.pdf\">Ata 1\u00ba\/05\/2017<\/a><\/li>\n<\/ul>\n<ul>\n<li><a href=\"https:\/\/blog.correios.com.br\/acordocoletivo\/wp-content\/uploads\/2016\/09\/LIVRETO-ACT-2016-2017-p-publ-online-final.pdf\">Livreto ACT 2016\/2017<\/a><\/li>\n<\/ul>\n<ul>\n<li><a href=\"https:\/\/blog.correios.com.br\/acordocoletivo\/wp-content\/uploads\/2016\/09\/ACT-2016-2017-Assinado.pdf\">ACT 2016\/2017<\/a><\/li>\n<\/ul>\n<ul>\n<li><a href=\"https:\/\/blog.correios.com.br\/acordocoletivo\/wp-content\/uploads\/2016\/09\/Proposta-de-Acordo-Coletivo-de-Trabalho-2016-2017-13-09-2016.pdf\">Proposta ACT 2016\/2017<\/a><\/li>\n<\/ul>\n<ul>\n<li><a href=\"https:\/\/blog.correios.com.br\/acordocoletivo\/wp-content\/uploads\/2016\/09\/TABELAS-DE-SIMULA\u00c7\u00d5ES-DE-C\u00c1LCULOS.pdf\">Simula\u00e7\u00f5es de c\u00e1lculos<\/a><\/li>\n<\/ul>\n<ul>\n<li><a href=\"https:\/\/blog.correios.com.br\/acordocoletivo\/wp-content\/uploads\/2016\/09\/11\u00aa-Ata-de-Reuni\u00e3o-ACT-2016-2017-9-09-2016.pdf\">Ata Reuni\u00e3o 9\/09\/2016<\/a><\/li>\n<\/ul>\n<ul>\n<li><a href=\"https:\/\/blog.correios.com.br\/acordocoletivo\/wp-content\/uploads\/2016\/09\/TABELA-DE-REAJUSTE-NOS-BENEF\u00cdCIOS.pdf\">Tabela de Benef\u00edcios<\/a><\/li>\n<\/ul>\n<ul>\n<li><a href=\"https:\/\/blog.correios.com.br\/acordocoletivo\/wp-content\/uploads\/2016\/09\/10\u00aa-Ata-de-Reuni\u00e3o-ACT-2016-2017-8-09-2016.pdf\">Ata Reuni\u00e3o 8\/09\/2016<\/a><\/li>\n<\/ul>\n<ul>\n<li><a href=\"https:\/\/blog.correios.com.br\/acordocoletivo\/wp-content\/uploads\/2016\/09\/Tabela-propostas-da-empresa.pdf\">Proposta ECT<\/a><\/li>\n<\/ul>\n<ul>\n<li><a href=\"https:\/\/blog.correios.com.br\/acordocoletivo\/wp-content\/uploads\/2016\/09\/APRESENT-VIGEP-CLAUSULAS-ECONOMICAS-01-09-16.pdf\">Proposta Financeira<\/a><\/li>\n<\/ul>\n<ul>\n<li><a href=\"https:\/\/blog.correios.com.br\/acordocoletivo\/wp-content\/uploads\/2016\/09\/9\u00aa-Ata-de-Reuni\u00e3o-ACT-2016-2017-01-09-2016.pdf\">Ata Reuni\u00e3o 1\u00ba\/09\/2016<\/a><\/li>\n<\/ul>\n<ul>\n<li><a href=\"https:\/\/blog.correios.com.br\/acordocoletivo\/wp-content\/uploads\/2016\/09\/8\u00aa-Ata-de-Reuni\u00e3o-ACT-2016-2017-31-08-2016.pdf\">Ata Reuni\u00e3o 31\/08\/2016<\/a><\/li>\n<\/ul>\n<ul>\n<li><a href=\"https:\/\/blog.correios.com.br\/acordocoletivo\/wp-content\/uploads\/2016\/09\/7\u00aa-Ata-de-Reuni\u00e3o-ACT-2016-2017-30-08-2016.pdf\">Ata Reuni\u00e3o 30\/08\/2016<\/a><\/li>\n<\/ul>\n<ul>\n<li><a href=\"https:\/\/blog.correios.com.br\/acordocoletivo\/wp-content\/uploads\/2016\/08\/6\u00aa-Ata-de-Reuni\u00e3o-ACT-2016-2017-25-08-2016.pdf\">Ata Reuni\u00e3o 25\/08\/2016<\/a><\/li>\n<\/ul>\n<ul>\n<li><a href=\"https:\/\/blog.correios.com.br\/acordocoletivo\/wp-content\/uploads\/2016\/08\/5\u00aa-Ata-de-Reuni\u00e3o-ACT-2016-2017-24-8-2016.pdf\">Ata Reuni\u00e3o 24\/08\/2016<\/a><\/li>\n<\/ul>\n<ul>\n<li><a href=\"https:\/\/blog.correios.com.br\/acordocoletivo\/wp-content\/uploads\/2016\/08\/4\u00aa-Ata-de-Reuni\u00e3o-ACT-2016-2017-23-8-2016.pdf\">Ata Reuni\u00e3o 23\/08\/2016<\/a><\/li>\n<\/ul>\n<ul>\n<li><a href=\"https:\/\/blog.correios.com.br\/acordocoletivo\/wp-content\/uploads\/2016\/08\/3\u00aa-Ata-de-Reuni\u00e3o-ACT-2016-2017-18-8-2016.pdf\">Ata Reuni\u00e3o 18\/08\/2016<\/a><\/li>\n<\/ul>\n<ul>\n<li><a href=\"https:\/\/blog.correios.com.br\/acordocoletivo\/wp-content\/uploads\/2016\/08\/2\u00aa-Ata-de-Reuni\u00e3o-ACT-2016-2017-17-08-2016.pdf\">Ata Reuni\u00e3o 17\/08\/2016<\/a><\/li>\n<\/ul>\n<ul>\n<li><a href=\"https:\/\/blog.correios.com.br\/acordocoletivo\/wp-content\/uploads\/2016\/08\/1\u00aa-Ata-de-Reuni\u00e3o-ACT-2016-2017-11-08-2016.pdf\">Ata Reuni\u00e3o 11\/08\/2016<\/a><\/li>\n<\/ul>\n<ul>\n<li><a href=\"https:\/\/blog.correios.com.br\/acordocoletivo\/wp-content\/uploads\/2016\/08\/FENTECT-Pauta-de-Reivindicacoes-2016-2017_P1.pdf\">Pauta Fentect &#8211; 1<\/a><\/li>\n<\/ul>\n<ul>\n<li><a href=\"https:\/\/blog.correios.com.br\/acordocoletivo\/wp-content\/uploads\/2016\/08\/FENTECT-Pauta-de-Reivindicacoes-2016-2017_P2.pdf\">Pauta Fentect &#8211; 2<\/a><\/li>\n<\/ul>\n<ul>\n<li><a href=\"https:\/\/blog.correios.com.br\/acordocoletivo\/wp-content\/uploads\/2016\/08\/FINDECT-Pauta-de-Reivindicacoes-2016-2017.pdf\">Pauta Findect<\/a><\/li>\n<\/ul>\n<ul>\n<li><a href=\"https:\/\/blog.correios.com.br\/acordocoletivo\/wp-content\/uploads\/2016\/06\/Proposta-de-decreto-dos-Correios.pdf\">Proposta de decreto<\/a><\/li>\n<\/ul>\n<ul>\n<li><a href=\"https:\/\/blog.correios.com.br\/acordocoletivo\/wp-content\/uploads\/2016\/02\/Ata-de-Reuni\u00e3o-ECT-Sintect-SPI-18-02-2016.pdf\">Ata Sintect-SPI 18\/02\/2016<\/a><\/li>\n<\/ul>\n<ul>\n<li><a href=\"https:\/\/blog.correios.com.br\/acordocoletivo\/wp-content\/uploads\/2016\/02\/Ata-de-Reuni\u00e3o-ECT-Findect-17-02-2016.pdf\">Ata Findect 17\/02\/2016<\/a><\/li>\n<\/ul>\n","protected":false},"excerpt":{"rendered":"<p>Calend\u00e1rio de Negocia\u00e7\u00f5es Percentuais Postal Sa\u00fade Faixas de cobran\u00e7a Ata Reuni\u00e3o 22\/09\/2017 Ata Reuni\u00e3o 21\/09\/2017 Ata Reuni\u00e3o 20\/09\/2017 Ata Reuni\u00e3o 19\/09\/2017 Ata Reuni\u00e3o 14\/09\/2017 Ata Reuni\u00e3o 13\/09\/2017 Ata Reuni\u00e3o 12\/09\/2017 Ata Reuni\u00e3o TST 22\/08\/2017 Pauta FINDECT &#8211; 1 &#8211; 2017\/2018 &hellip; <a href=\"https:\/\/blog.correios.com.br\/acordocoletivo\/?page_id=5248\">Continue lendo <span class=\"meta-nav\">&rarr;<\/span><\/a><\/p>\n","protected":false},"author":46,"featured_media":0,"parent":0,"menu_order":0,"comment_status":"closed","ping_status":"closed","template":"","meta":{"footnotes":""},"class_list":["post-5248","page","type-page","status-publish","hentry"],"_links":{"self":[{"href":"https:\/\/blog.correios.com.br\/acordocoletivo\/index.php?rest_route=\/wp\/v2\/pages\/5248","targetHints":{"allow":["GET"]}}],"collection":[{"href":"https:\/\/blog.correios.com.br\/acordocoletivo\/index.php?rest_route=\/wp\/v2\/pages"}],"about":[{"href":"https:\/\/blog.correios.com.br\/acordocoletivo\/index.php?rest_route=\/wp\/v2\/types\/page"}],"author":[{"embeddable":true,"href":"https:\/\/blog.correios.com.br\/acordocoletivo\/index.php?rest_route=\/wp\/v2\/users\/46"}],"replies":[{"embeddable":true,"href":"https:\/\/blog.correios.com.br\/acordocoletivo\/index.php?rest_route=%2Fwp%2Fv2%2Fcomments&post=5248"}],"version-history":[{"count":2,"href":"https:\/\/blog.correios.com.br\/acordocoletivo\/index.php?rest_route=\/wp\/v2\/pages\/5248\/revisions"}],"predecessor-version":[{"id":5252,"href":"https:\/\/blog.correios.com.br\/acordocoletivo\/index.php?rest_route=\/wp\/v2\/pages\/5248\/revisions\/5252"}],"wp:attachment":[{"href":"https:\/\/blog.correios.com.br\/acordocoletivo\/index.php?rest_route=%2Fwp%2Fv2%2Fmedia&parent=5248"}],"curies":[{"name":"wp","href":"https:\/\/api.w.org\/{rel}","templated":true}]}}