{"id":713,"date":"2013-03-21T15:44:47","date_gmt":"2013-03-21T18:44:47","guid":{"rendered":"http:\/\/blog.correios.com.br\/acordocoletivo\/?page_id=713"},"modified":"2013-12-17T17:28:24","modified_gmt":"2013-12-17T19:28:24","slug":"atas-de-reuniao-anos-anteriores","status":"publish","type":"page","link":"https:\/\/blog.correios.com.br\/acordocoletivo\/?page_id=713","title":{"rendered":"Atas de reuni\u00e3o &#8211; Anos anteriores"},"content":{"rendered":"<p><strong>Atas de reuni\u00e3o 2013<\/strong><\/p>\n<ul>\n<li><a href=\"https:\/\/blog.correios.com.br\/acordocoletivo\/wp-content\/uploads\/2013\/09\/14-Ata-reuni\u00e3o-ACT-2013-2014-FINDECT-12-09-2013.pdf\" target=\"_blank\">Ata Reuni\u00e3o ACT 2013\/2014 &#8211; Findect 12\/9\/13<\/a><\/li>\n<li><a href=\"https:\/\/blog.correios.com.br\/acordocoletivo\/wp-content\/uploads\/2013\/09\/13-Ata-reuni\u00e3o-ACT-2013-2014-FENTECT-12-09-2013.pdf\" target=\"_blank\">Ata Reuni\u00e3o ACT 2013\/2014 &#8211; Fentect 12\/9\/13<\/a><\/li>\n<li><a href=\"https:\/\/blog.correios.com.br\/acordocoletivo\/wp-content\/uploads\/2013\/09\/12-Ata-reuni\u00e3o-ACT-2013-2014-FENTECT-11-09-2013.pdf\" target=\"_blank\">Ata Reuni\u00e3o ACT 2013\/2014 &#8211; Fentect 11\/9\/13<\/a><\/li>\n<li><a href=\"https:\/\/blog.correios.com.br\/acordocoletivo\/wp-content\/uploads\/2013\/09\/11-Ata-reuni\u00e3o-ACT-2013-2014-FENTECT-10-09-2013.pdf\" target=\"_blank\">Ata Reuni\u00e3o ACT 2013\/2014 &#8211; Fentect 10\/9\/13<\/a><\/li>\n<li><a href=\"https:\/\/blog.correios.com.br\/acordocoletivo\/wp-content\/uploads\/2013\/09\/ACT-2013-2014-ATA-DO-DIA-10-09-2013-ENTRE-A-ECT-E-FINDECT-2.pdf \" target=\"_blank\">Ata Reuni\u00e3o ACT 2013\/2014 &#8211; Unificados 10\/9\/13<\/a><\/li>\n<li><a href=\"https:\/\/blog.correios.com.br\/acordocoletivo\/wp-content\/uploads\/2013\/09\/05-09-2013-Ata-de-Reuni\u00e3o-ACT-2013-2014-Unificados.pdf\" target=\"_blank\">Ata Reuni\u00e3o ACT 2013\/2014 &#8211; Unificados 5\/9\/13<\/a><\/li>\n<li><a href=\"https:\/\/blog.correios.com.br\/acordocoletivo\/wp-content\/uploads\/2013\/09\/Ata-de-reuni\u00e3o-04-09-2013-ACT-2013-2014.pdf\" target=\"_blank\">Ata Reuni\u00e3o ACT 2013\/2014 &#8211; Findect 4\/9\/13<\/a><\/li>\n<li><a href=\"https:\/\/blog.correios.com.br\/acordocoletivo\/wp-content\/uploads\/2013\/09\/10-Ata-reuni\u00e3o-ACT-2013-2014-FENTECT-03-09-2013.pdf\" target=\"_blank\">Ata Reuni\u00e3o ACT 2013\/2014 &#8211; Fentect 3\/9\/13<\/a><\/li>\n<li><a href=\"https:\/\/blog.correios.com.br\/acordocoletivo\/wp-content\/uploads\/2013\/09\/10-Ata-reuni\u00e3o-ACT-2013-2014-FINDECT-03-09-2013.pdf\" target=\"_blank\">Ata Reuni\u00e3o ACT 2013\/2014 &#8211; Findect 3\/9\/13<\/a><\/li>\n<li><a href=\"https:\/\/blog.correios.com.br\/acordocoletivo\/wp-content\/uploads\/2013\/08\/09-Ata-reuni\u00e3o-ACT-2013-2014-FENTECT-29-08-2013-2.pdf\" target=\"_blank\">Ata Reuni\u00e3o ACT 2013\/2014 &#8211; Fentect 29\/8\/13<\/a><\/li>\n<li><a href=\"https:\/\/blog.correios.com.br\/acordocoletivo\/wp-content\/uploads\/2013\/08\/ACT-2013-2014-ATA-DO-DIA-28-08-2013-FENTECT.pdf\" target=\"_blank\">Ata Reuni\u00e3o ACT 2013\/2014 &#8211; Fentect 28\/8\/13<\/a><\/li>\n<li><a href=\"https:\/\/blog.correios.com.br\/acordocoletivo\/wp-content\/uploads\/2013\/08\/ACT-2013-2014-ATA-DO-DIA-28-08-2013-FINDECT-2.pdf\" target=\"_blank\">Ata Reuni\u00e3o ACT 2013\/2014 &#8211; Findect 28\/8\/13<\/a><\/li>\n<li><a href=\"https:\/\/blog.correios.com.br\/acordocoletivo\/wp-content\/uploads\/2013\/08\/ACT-2013-2014-ATA-DO-DIA-27-08-2013-FINDECT.pdf\" target=\"_blank\">Ata Reuni\u00e3o ACT 2013\/2014 &#8211; Findect 27\/8\/13<\/a><\/li>\n<li><a href=\"https:\/\/blog.correios.com.br\/acordocoletivo\/wp-content\/uploads\/2013\/08\/07-Ata-reuni\u00e3o-ACT-2013-2014-FENTECT-22-08-2013.pdf\" target=\"_blank\">Ata Reuni\u00e3o ACT 2013\/2014 &#8211; Fentect 22\/8\/13<\/a><\/li>\n<li><a href=\"https:\/\/blog.correios.com.br\/acordocoletivo\/wp-content\/uploads\/2013\/08\/07-Ata-reuni\u00e3o-ACT-2013-2014-FINDECT-21-08-2013.pdf\" target=\"_blank\">Ata Reuni\u00e3o ACT 2013\/2014 &#8211; Findect 21\/8\/13<\/a><\/li>\n<li><a href=\"https:\/\/blog.correios.com.br\/acordocoletivo\/wp-content\/uploads\/2013\/08\/06-Ata-reuni\u00e3o-ACT-2013-2014-FENTECT-21-08-2013.pdf\" target=\"_blank\">Ata Reuni\u00e3o ACT 2013\/2014 &#8211; Fentect 21\/8\/13<\/a><\/li>\n<li><a href=\"https:\/\/blog.correios.com.br\/acordocoletivo\/wp-content\/uploads\/2013\/08\/05-Ata-reuni\u00e3o-ACT-2013-2014-FENTECT-20-08-2013.pdf\" target=\"_blank\">Ata Reuni\u00e3o ACT 2013\/2014 &#8211; Fentect 20\/8\/13<\/a><\/li>\n<li><a href=\"https:\/\/blog.correios.com.br\/acordocoletivo\/wp-content\/uploads\/2013\/08\/06-Ata-reuni\u00e3o-ACT-2013-2014-FINDECT-20-08-2013.pdf\" target=\"_blank\">Ata Reuni\u00e3o ACT 2013\/2014 &#8211; Findect 20\/8\/13<\/a><\/li>\n<li><a href=\"https:\/\/blog.correios.com.br\/acordocoletivo\/wp-content\/uploads\/2013\/08\/04-Ata-reuni\u00e3o-ACT-2013-2014-FENTECT-15-08-2013.pdf\" target=\"_blank\">Ata Reuni\u00e3o ACT 2013\/2014 &#8211; Fentect 15\/8\/13<\/a><\/li>\n<li><a href=\"https:\/\/blog.correios.com.br\/acordocoletivo\/wp-content\/uploads\/2013\/08\/05-Ata-reuni\u00e3o-ACT-2013-2014-FINDECT-15-08-2013.pdf\" target=\"_blank\">Ata Reuni\u00e3o ACT 2013\/2014 &#8211; Findect 15\/8\/13<\/a><\/li>\n<li><a href=\"https:\/\/blog.correios.com.br\/acordocoletivo\/wp-content\/uploads\/2013\/08\/04-Ata-reuni\u00e3o-ACT-2013-2014-FINDECT-14-08-2013.pdf\" target=\"_blank\">Ata Reuni\u00e3o ACT 2013\/2014 &#8211; Findect 14\/8\/13<\/a><\/li>\n<li><a href=\"https:\/\/blog.correios.com.br\/acordocoletivo\/wp-content\/uploads\/2013\/08\/03-Ata-reuni\u00e3o-ACT-2013-2014-FENTECT-14-08-2013.pdf\" target=\"_blank\">Ata Reuni\u00e3o ACT 2013\/2014 &#8211; Fentect 14\/8\/13<\/a><\/li>\n<li><a href=\"https:\/\/blog.correios.com.br\/acordocoletivo\/wp-content\/uploads\/2013\/08\/03-Ata-reuni\u00e3o-ACT-2013-2014-FINDECT-13-08-2013.pdf\" target=\"_blank\">Ata Reuni\u00e3o ACT 2013\/2014 &#8211; Findect 13\/8\/13<\/a><\/li>\n<li><a href=\"https:\/\/blog.correios.com.br\/acordocoletivo\/wp-content\/uploads\/2013\/08\/02-Ata-reuni\u00e3o-ACT-2013-2014-FENTECT-08-08-2013.pdf\" target=\"_blank\">Ata Reuni\u00e3o ACT 2013\/2014 &#8211; Fentect 8\/8\/13<\/a><\/li>\n<li><a href=\"https:\/\/blog.correios.com.br\/acordocoletivo\/wp-content\/uploads\/2013\/08\/01-Ata-reuni\u00e3o-ACT-2013-2014-FENTECT-06-08-2013.pdf\" target=\"_blank\">Ata Reuni\u00e3o ACT 2013\/2014 &#8211; Fentect 6\/8\/13<\/a><\/li>\n<li><a href=\"https:\/\/blog.correios.com.br\/acordocoletivo\/wp-content\/uploads\/2013\/08\/02-Ata-reuni\u00e3o-ACT-2013-2014-FINDECT-06-08-2013.pdf\" target=\"_blank\"> Ata Reuni\u00e3o ACT 2013\/2014 &#8211; Findect 6\/8\/13<\/a><\/li>\n<li><a href=\"https:\/\/blog.correios.com.br\/acordocoletivo\/wp-content\/uploads\/2013\/07\/01-Ata-Reuni\u00e3o-ACT-2013-2014-FINDECT-2.7.13.pdf\" target=\"_blank\">Reuni\u00e3o Acordo Coletivo_FINDECT_2\/7\/13<\/a><\/li>\n<\/ul>\n<p><strong>Atas de reuni\u00e3o 2012<\/strong><\/p>\n<ul>\n<li><a href=\"https:\/\/blog.correios.com.br\/acordocoletivo\/wp-content\/uploads\/2012\/09\/ATA-DA-AUDI\u00caNCIA-DE-CONCILIA\u00c7\u00c3O-DO-DISS\u00cdDIO-COLETIVO.pdf\">Ata audi\u00eancia concilia\u00e7\u00e3o TST_250912<\/a><\/li>\n<li><a href=\"https:\/\/blog.correios.com.br\/acordocoletivo\/wp-content\/uploads\/2012\/09\/AudienciaconciliacaoTST_190912.pdf\">Ata audi\u00eancia concilia\u00e7\u00e3o TST_190912<\/a><\/li>\n<li><a href=\"https:\/\/blog.correios.com.br\/acordocoletivo\/wp-content\/uploads\/2012\/09\/16-Ata-de-Reuni\u00e3o-da-FENTECT-para-o-ACT-2012-2013-Dia-05-09-2012.pdf\">Ata da 2\u00aa reuni\u00e3o de 05\/09\/12<\/a><\/li>\n<li><a href=\"https:\/\/blog.correios.com.br\/acordocoletivo\/wp-content\/uploads\/2012\/09\/ACT-2012-2013-ATA-DO-DIA-05-09-2012-SINDICATOS-2012-09-05-1.pdf\">Ata da reuni\u00e3o de 05\/09\/12<\/a><\/li>\n<li><a href=\"https:\/\/blog.correios.com.br\/acordocoletivo\/wp-content\/uploads\/2012\/08\/15-Ata-de-Reuni\u00e3o-da-FENTECT-para-o-ACT-2012-2013-Dia-31-08-2012.pdf\">Ata da reuni\u00e3o de 31\/08\/12<\/a><\/li>\n<li><a href=\"https:\/\/blog.correios.com.br\/acordocoletivo\/wp-content\/uploads\/2012\/08\/Ata_28_08_12.pdf\">Ata da reuni\u00e3o de 28\/08\/12<\/a><\/li>\n<li><a href=\"https:\/\/blog.correios.com.br\/acordocoletivo\/wp-content\/uploads\/2012\/08\/Ata_27_08_12.pdf\">Ata da reuni\u00e3o de 27\/08\/12<\/a><\/li>\n<li><a href=\"https:\/\/blog.correios.com.br\/acordocoletivo\/wp-content\/uploads\/2012\/08\/12-Ata-de-Reuni\u00e3o-da-FENTECT-para-o-ACT-2012-2013-Dia-20-08-2012.pdf\">Ata da 2\u00aa reuni\u00e3o de 20\/08\/12<\/a><\/li>\n<li><a href=\"https:\/\/blog.correios.com.br\/acordocoletivo\/wp-content\/uploads\/2012\/08\/12-Ata-de-Reuni\u00e3o-dos-Sindicatos-Unificados-para-o-ACT-2012-2013-Dia-20-08-2012.pdf\">Ata da reuni\u00e3o de 20\/08\/12<\/a><\/li>\n<li><a href=\"https:\/\/blog.correios.com.br\/acordocoletivo\/wp-content\/uploads\/2012\/08\/Ata_06_08_12.pdf\">Ata da reuni\u00e3o de 6\/08\/12<\/a><\/li>\n<li><a href=\"https:\/\/blog.correios.com.br\/acordocoletivo\/wp-content\/uploads\/2012\/08\/AtaMPT_030812.pdf\">Ata da reuni\u00e3o no MPT de 3\/08\/12<\/a><\/li>\n<li><a href=\"https:\/\/blog.correios.com.br\/acordocoletivo\/wp-content\/uploads\/2012\/08\/Ata_02_08_12.pdf\">Ata da 2\u00aa reuni\u00e3o de 2\/08\/12<\/a><\/li>\n<li><a href=\"https:\/\/blog.correios.com.br\/acordocoletivo\/wp-content\/uploads\/2012\/08\/11-Ata-de-Reuni%C3%A3o-dos-Sindicatos-Unificados-para-o-ACT-2012-2013-Dia-02-08-2012.pdf\">Ata da reuni\u00e3o de 2\/08\/12<\/a><\/li>\n<li><a href=\"https:\/\/blog.correios.com.br\/acordocoletivo\/wp-content\/uploads\/2012\/08\/08-Ata-de-Reuni%C3%A3o-da-FENTECT-para-o-ACT-2012-2013-Dia-01-08-20121.pdf\">Ata da 2\u00aa reuni\u00e3o de 1\u00ba\/08\/12<\/a><\/li>\n<li><a href=\"https:\/\/blog.correios.com.br\/acordocoletivo\/wp-content\/uploads\/2012\/08\/Ata_01_08_12sindicatosunificados.pdf\">Ata da reuni\u00e3o de 1\u00ba\/08\/12<\/a><\/li>\n<li><a href=\"https:\/\/blog.correios.com.br\/acordocoletivo\/wp-content\/uploads\/2012\/08\/07-Ata-de-Reuni\u00e3o-da-FENTECT-para-o-ACT-2012-2013-Dia-31-07-2012.pdf\">Ata da 2\u00aa reuni\u00e3o de 31\/07\/12<\/a><\/li>\n<li><a href=\"https:\/\/blog.correios.com.br\/acordocoletivo\/wp-content\/uploads\/2012\/08\/ACT_2012-2013_-_ATA_DO_DIA_31-07-2012_-_SINDICATOS_UNIFICADOS_-_____2012-07-31_1.pdf\">Ata da reuni\u00e3o de 31\/07\/12<\/a><\/li>\n<li><a href=\"https:\/\/blog.correios.com.br\/acordocoletivo\/wp-content\/uploads\/2012\/08\/Ata_da_Reuni\u00e3o_do_ACT_-_30072012.pdf\">Ata da 2\u00aa reuni\u00e3o de 30\/07\/12<\/a><\/li>\n<li><a href=\"https:\/\/blog.correios.com.br\/acordocoletivo\/wp-content\/uploads\/2012\/07\/Ata_30_07_12.pdf\">Ata da reuni\u00e3o de 30\/07\/12<\/a><\/li>\n<li><a href=\"https:\/\/blog.correios.com.br\/acordocoletivo\/wp-content\/uploads\/2012\/07\/Ata_26_07_12.pdf\">Ata da 2\u00aa reuni\u00e3o de 26\/07\/12<\/a><\/li>\n<li><a href=\"https:\/\/blog.correios.com.br\/acordocoletivo\/wp-content\/uploads\/2012\/08\/06-Ata-de-Reuni\u00e3o-dos-Sindicatos-Unificados-para-o-ACT-2012-2013-Dia-26-07-2012.pdf\">Ata da reuni\u00e3o de 26\/07\/12<\/a><\/li>\n<li><a href=\"https:\/\/blog.correios.com.br\/acordocoletivo\/wp-content\/uploads\/2012\/07\/Ata2_25_07_12.pdf\">Ata da 2\u00aa reuni\u00e3o de 25\/07\/12<\/a><\/li>\n<li><a href=\"https:\/\/blog.correios.com.br\/acordocoletivo\/wp-content\/uploads\/2012\/07\/Ata_25_07_12.pdf\">Ata da reuni\u00e3o de 25\/07\/12<\/a><\/li>\n<li><a href=\"https:\/\/blog.correios.com.br\/acordocoletivo\/wp-content\/uploads\/2012\/07\/Ata_1617_07_12.pdf\">Ata da reuni\u00e3o de 16\/07\/12<\/a><\/li>\n<li><a href=\"https:\/\/blog.correios.com.br\/acordocoletivo\/wp-content\/uploads\/2012\/07\/Ata_10_07_12.pdf\">Ata da reuni\u00e3o de 10\/07\/12<\/a><\/li>\n<li><a href=\"https:\/\/blog.correios.com.br\/acordocoletivo\/wp-content\/uploads\/2012\/07\/Ata_03_07_12.pdf\">Ata da reuni\u00e3o de 03\/07\/12<\/a><\/li>\n<\/ul>\n<p><strong>Atas de reuni\u00e3o 2011<\/strong><\/p>\n<ul>\n<li><a href=\"https:\/\/blog.correios.com.br\/acordocoletivo\/wp-content\/uploads\/2011\/08\/Ata_26_07_2011.pdf \">Ata da reuni\u00e3o de 26\/07\/11<\/a><\/li>\n<li><a href=\"https:\/\/blog.correios.com.br\/acordocoletivo\/wp-content\/uploads\/2011\/08\/Ata_27_07_2011.pdf\">Ata da reuni\u00e3o de 27\/07\/11<\/a><\/li>\n<li><a href=\"https:\/\/blog.correios.com.br\/acordocoletivo\/wp-content\/uploads\/2011\/08\/Ata_28_07_2011.pdf\">Ata da reuni\u00e3o de 28\/07\/11<\/a><\/li>\n<li><a href=\"https:\/\/blog.correios.com.br\/acordocoletivo\/wp-content\/uploads\/2011\/08\/Ata-_03_08_2011.pdf\">Ata da reuni\u00e3o de 03\/08\/11<\/a><\/li>\n<li><a href=\"https:\/\/blog.correios.com.br\/acordocoletivo\/wp-content\/uploads\/2011\/08\/Ata_04_08_2011.pdf\">Ata da reuni\u00e3o de 04\/08\/11<\/a><\/li>\n<li><a href=\"https:\/\/blog.correios.com.br\/acordocoletivo\/wp-content\/uploads\/2011\/08\/Ata_-09_08_2011.pdf\">Ata da reuni\u00e3o de 09\/08\/11<\/a><\/li>\n<li><a href=\"https:\/\/blog.correios.com.br\/acordocoletivo\/wp-content\/uploads\/2011\/08\/Ata_10_08_2011.pdf\">Ata da reuni\u00e3o de 10\/08\/11<\/a><\/li>\n<li><a href=\"https:\/\/blog.correios.com.br\/acordocoletivo\/wp-content\/uploads\/2011\/08\/Ata_11_08_2011.pdf\">Ata da reuni\u00e3o de 11\/08\/11<\/a><\/li>\n<li><a href=\"https:\/\/blog.correios.com.br\/acordocoletivo\/wp-content\/uploads\/2011\/08\/Ata_16_08_2011.pdf\">Ata da reuni\u00e3o de 16\/08\/11<\/a><\/li>\n<li><a href=\"https:\/\/blog.correios.com.br\/acordocoletivo\/wp-content\/uploads\/2011\/08\/Ata_17_08_2011.pdf\">Ata da reuni\u00e3o de 17\/08\/11<\/a><\/li>\n<li><a href=\"https:\/\/blog.correios.com.br\/acordocoletivo\/wp-content\/uploads\/2011\/08\/Ata_18_08_2011.pdf\">Ata da reuni\u00e3o de 18\/08\/11<\/a><\/li>\n<li><a href=\"https:\/\/blog.correios.com.br\/acordocoletivo\/wp-content\/uploads\/2011\/08\/Ata_25_08_2011.pdf\">Ata da reuni\u00e3o de 25\/08\/11<\/a><\/li>\n<li><a href=\"https:\/\/blog.correios.com.br\/acordocoletivo\/wp-content\/uploads\/2011\/08\/Ata_26_08_2011.pdf\">Ata da reuni\u00e3o de 26\/08\/11<\/a><\/li>\n<li><a href=\"https:\/\/blog.correios.com.br\/acordocoletivo\/wp-content\/uploads\/2011\/08\/Ata_30_08_2011.pdf\">Ata da reuni\u00e3o de 30\/08\/11<\/a><\/li>\n<li><a href=\"https:\/\/blog.correios.com.br\/acordocoletivo\/wp-content\/uploads\/2011\/08\/Ata_31_08_2011.pdf\">Ata da reuni\u00e3o de 31\/08\/11<\/a><\/li>\n<li><a href=\"https:\/\/blog.correios.com.br\/acordocoletivo\/wp-content\/uploads\/2011\/09\/Ata_01_09_2011.pdf\">Ata da reuni\u00e3o de 01\/09\/11<\/a><\/li>\n<li><a href=\"https:\/\/blog.correios.com.br\/acordocoletivo\/wp-content\/uploads\/2011\/09\/Ata_05_09_2011.pdf\">Ata da reuni\u00e3o de 05\/09\/11<\/a><\/li>\n<li><a href=\"https:\/\/blog.correios.com.br\/acordocoletivo\/wp-content\/uploads\/2011\/09\/Ata_06_09_2011.pdf\">Ata da reuni\u00e3o de 06\/09\/11<\/a><\/li>\n<li><a href=\"https:\/\/blog.correios.com.br\/acordocoletivo\/wp-content\/uploads\/2011\/09\/Ata_08_09_2011.pdf\">Ata da reuni\u00e3o de 08\/09\/11<\/a><\/li>\n<li><a href=\"https:\/\/blog.correios.com.br\/acordocoletivo\/wp-content\/uploads\/2011\/09\/ATA_29_09_2011.pdf \">Ata da reuni\u00e3o de 12\/09\/11<\/a><\/li>\n<li><a href=\"https:\/\/blog.correios.com.br\/acordocoletivo\/wp-content\/uploads\/2011\/09\/ATA_29_09_2011.pdf \">Ata da reuni\u00e3o de 29\/09\/11<\/a><\/li>\n<li><a href=\"https:\/\/blog.correios.com.br\/acordocoletivo\/wp-content\/uploads\/2011\/10\/Processo-TST.pdf\">Ata da Audi\u00eancia de Concilia\u00e7\u00e3o e Instru\u00e7\u00e3o do Diss\u00eddio Coletivo.<\/a><\/li>\n<li><a href=\"https:\/\/blog.correios.com.br\/acordocoletivo\/wp-content\/uploads\/2011\/10\/Ata-TST\u00ad_07_10_2011.pdf \">Ata da reuni\u00e3o de 07\/10\/11<\/a><\/li>\n<li><a href=\"https:\/\/blog.correios.com.br\/acordocoletivo\/wp-content\/uploads\/2011\/10\/TST_-_Acordao1.pdf\">Ac\u00f3rd\u00e3o &#8211; Diss\u00eddio Coletivo de Greve<\/a><\/li>\n<\/ul>\n","protected":false},"excerpt":{"rendered":"<p>Atas de reuni\u00e3o 2013 Ata Reuni\u00e3o ACT 2013\/2014 &#8211; Findect 12\/9\/13 Ata Reuni\u00e3o ACT 2013\/2014 &#8211; Fentect 12\/9\/13 Ata Reuni\u00e3o ACT 2013\/2014 &#8211; Fentect 11\/9\/13 Ata Reuni\u00e3o ACT 2013\/2014 &#8211; Fentect 10\/9\/13 Ata Reuni\u00e3o ACT 2013\/2014 &#8211; Unificados 10\/9\/13 Ata &hellip; <a href=\"https:\/\/blog.correios.com.br\/acordocoletivo\/?page_id=713\">Continue lendo <span class=\"meta-nav\">&rarr;<\/span><\/a><\/p>\n","protected":false},"author":1,"featured_media":0,"parent":0,"menu_order":0,"comment_status":"closed","ping_status":"closed","template":"","meta":{"footnotes":""},"class_list":["post-713","page","type-page","status-publish","hentry"],"_links":{"self":[{"href":"https:\/\/blog.correios.com.br\/acordocoletivo\/index.php?rest_route=\/wp\/v2\/pages\/713","targetHints":{"allow":["GET"]}}],"collection":[{"href":"https:\/\/blog.correios.com.br\/acordocoletivo\/index.php?rest_route=\/wp\/v2\/pages"}],"about":[{"href":"https:\/\/blog.correios.com.br\/acordocoletivo\/index.php?rest_route=\/wp\/v2\/types\/page"}],"author":[{"embeddable":true,"href":"https:\/\/blog.correios.com.br\/acordocoletivo\/index.php?rest_route=\/wp\/v2\/users\/1"}],"replies":[{"embeddable":true,"href":"https:\/\/blog.correios.com.br\/acordocoletivo\/index.php?rest_route=%2Fwp%2Fv2%2Fcomments&post=713"}],"version-history":[{"count":1,"href":"https:\/\/blog.correios.com.br\/acordocoletivo\/index.php?rest_route=\/wp\/v2\/pages\/713\/revisions"}],"predecessor-version":[{"id":715,"href":"https:\/\/blog.correios.com.br\/acordocoletivo\/index.php?rest_route=\/wp\/v2\/pages\/713\/revisions\/715"}],"wp:attachment":[{"href":"https:\/\/blog.correios.com.br\/acordocoletivo\/index.php?rest_route=%2Fwp%2Fv2%2Fmedia&parent=713"}],"curies":[{"name":"wp","href":"https:\/\/api.w.org\/{rel}","templated":true}]}}